{"id":1254,"date":"2018-06-09T11:07:22","date_gmt":"2018-06-09T08:07:22","guid":{"rendered":"https:\/\/omakotitalkkari.fi\/wp\/?page_id=1254"},"modified":"2019-04-30T14:31:21","modified_gmt":"2019-04-30T11:31:21","slug":"terassin-pesu-hionta-ja-oljyaminen","status":"publish","type":"page","link":"https:\/\/omakotitalkkari.fi\/wp\/terassin-pesu-hionta-ja-oljyaminen\/","title":{"rendered":"Terassin pesu, hionta ja \u00f6ljy\u00e4minen"},"content":{"rendered":"\n<h2 class=\"wp-block-heading\" style=\"text-align:center\"><strong>TERASSIN HUOLTO<\/strong><\/h2>\n\n\n\n<p>Onko <strong>puinen<\/strong> kaunis <strong>terassisi<\/strong> vihre\u00e4n <strong>lev\u00e4n<\/strong> tms. <strong>peitossa<\/strong>? Siin\u00e4 tapauksessa on aika <strong>tilata<\/strong> <strong>huolto<\/strong> ja laittaa <strong>terassi<\/strong> <strong>kuntoon<\/strong>. Meill\u00e4 on <strong>ammattitaito<\/strong> ja <strong>kunnon<\/strong> <strong>v\u00e4lineet<\/strong> joilla <strong>puhdistamme<\/strong> <strong>terassisi<\/strong> ja saamme <strong>pihasi<\/strong> <strong>n\u00e4ytt\u00e4m\u00e4\u00e4n<\/strong> taas <strong>hyv\u00e4lt\u00e4<\/strong>. <strong>Terassin<\/strong> <strong>huolto<\/strong> aloitetaan aina <strong>perusteellisella<\/strong> <strong>pesulla<\/strong>. Me <strong>pesemme<\/strong> <strong>terassisi<\/strong> <strong>hell\u00e4varaisesti<\/strong> <strong>kuumavesipesurilla<\/strong> ja <strong>tasopesimell\u00e4<\/strong>. Mik\u00e4li terassi on ollut pitk\u00e4\u00e4n huoltamatta tai k\u00e4sitelty aiemmin v\u00e4\u00e4rill\u00e4 aineilla, saattaa terassi vaatia perusteellisen <strong>hionnan<\/strong> ennen <strong>\u00f6ljy\u00e4mist\u00e4<\/strong>. <strong>Huolella<\/strong> <strong>tehtyjen<\/strong> <strong>pohjat\u00f6iden<\/strong> j\u00e4lkeen <strong>k\u00e4sittelemme<\/strong> <strong>terassin<\/strong> viel\u00e4 <strong>terassi\u00f6ljyll\u00e4<\/strong>.<\/p>\n\n\n\n<h2 class=\"wp-block-heading\" style=\"text-align:center\"> <br><strong><a href=\"https:\/\/omakotitalkkari.fi\/wp\/ota-yhteytta\/\">OTA YHTEYTT\u00c4 JA PYYD\u00c4 TARJOUS!<\/a><\/strong><\/h2>\n\n\n\t\t<div data-elementor-type=\"page\" data-elementor-id=\"3596\" class=\"elementor elementor-3596\" data-elementor-settings=\"[]\">\n\t\t\t\t\t\t<div class=\"elementor-inner\">\n\t\t\t\t\t\t\t<div class=\"elementor-section-wrap\">\n\t\t\t\t\t\t\t<section class=\"elementor-section elementor-top-section elementor-element elementor-element-2877ac81 elementor-section-full_width elementor-section-height-default elementor-section-height-default\" data-id=\"2877ac81\" data-element_type=\"section\">\n\t\t\t\t\t\t<div class=\"elementor-container elementor-column-gap-default\">\n\t\t\t\t\t\t\t<div class=\"elementor-row\">\n\t\t\t\t\t<div class=\"elementor-column elementor-col-100 elementor-top-column elementor-element elementor-element-5155752e\" data-id=\"5155752e\" data-element_type=\"column\">\n\t\t\t<div class=\"elementor-column-wrap elementor-element-populated\">\n\t\t\t\t\t\t\t<div class=\"elementor-widget-wrap\">\n\t\t\t\t\t\t<div class=\"elementor-element elementor-element-1b2a0723 elementor-widget-divider--view-line elementor-widget elementor-widget-divider\" data-id=\"1b2a0723\" data-element_type=\"widget\" data-widget_type=\"divider.default\">\n\t\t\t\t<div class=\"elementor-widget-container\">\n\t\t\t\t\t<div class=\"elementor-divider\">\n\t\t\t<span class=\"elementor-divider-separator\">\n\t\t\t\t\t\t<\/span>\n\t\t<\/div>\n\t\t\t\t<\/div>\n\t\t\t\t<\/div>\n\t\t\t\t\t\t<\/div>\n\t\t\t\t\t<\/div>\n\t\t<\/div>\n\t\t\t\t\t\t\t\t<\/div>\n\t\t\t\t\t<\/div>\n\t\t<\/section>\n\t\t\t\t<section class=\"elementor-section elementor-top-section elementor-element elementor-element-780b9718 elementor-section-full_width elementor-section-height-default elementor-section-height-default\" data-id=\"780b9718\" data-element_type=\"section\">\n\t\t\t\t\t\t<div class=\"elementor-container elementor-column-gap-default\">\n\t\t\t\t\t\t\t<div class=\"elementor-row\">\n\t\t\t\t\t<div class=\" pafe-equal-height-desktop elementor-column elementor-col-100 elementor-top-column elementor-element elementor-element-40ff1ca5\" data-pafe-equal-height=\"1\" data-pafe-equal-height-widget-container=\"\" data-id=\"40ff1ca5\" data-element_type=\"column\">\n\t\t\t<div class=\"elementor-column-wrap elementor-element-populated\">\n\t\t\t\t\t\t\t<div class=\"elementor-widget-wrap\">\n\t\t\t\t\t\t<div class=\"elementor-element elementor-element-a9a9134 animated-slow elementor-invisible elementor-widget elementor-widget-price-table\" data-id=\"a9a9134\" data-element_type=\"widget\" data-settings=\"{&quot;_animation&quot;:&quot;zoomIn&quot;}\" data-widget_type=\"price-table.default\">\n\t\t\t\t<div class=\"elementor-widget-container\">\n\t\t\t\n\t\t<div class=\"elementor-price-table\">\n\t\t\t\t\t\t\t<div class=\"elementor-price-table__header\">\n\t\t\t\t\t\t\t\t\t\t\t<h3 class=\"elementor-price-table__heading\">Tuntihinta<\/h3>\n\t\t\t\t\t\n\t\t\t\t\t\t\t\t\t<\/div>\n\t\t\t\n\t\t\t<div class=\"elementor-price-table__price\">\n\t\t\t\t\t\t\t\t\t\t\t\t\t\t\t\t\t<span class=\"elementor-price-table__integer-part\">69,60<\/span>\n\t\t\t\t\n\t\t\t\t\n\t\t\t\t<span class=\"elementor-price-table__currency\">&#128;<\/span>\n\t\t\t\t\t\t\t<\/div>\n\n\t\t\t\t\t\t\t<ul class=\"elementor-price-table__features-list\">\n\t\t\t\t\t\t\t\t\t\t\t<li class=\"elementor-repeater-item-7ea8dcf\">\n\t\t\t\t\t\t\t<div class=\"elementor-price-table__feature-inner\">\n\t\t\t\t\t\t\t\t\t\t\t\t\t\t\t\t\t\t<i class=\"\" aria-hidden=\"true\"><\/i>\n\t\t\t\t\t\t\t\t\t\t\t\t\t\t\t\t\t\t\t\t\t\t\t\t\t\t\t<span >\n\t\t\t\t\t\t\t\t\t\tHinta Sis. Alv 25.5%\t\t\t\t\t\t\t\t\t<\/span>\n\t\t\t\t\t\t\t\t\t\t\t\t\t\t\t\t<\/div>\n\t\t\t\t\t\t<\/li>\n\t\t\t\t\t\t\t\t\t\t\t<li class=\"elementor-repeater-item-9c0d77f\">\n\t\t\t\t\t\t\t<div class=\"elementor-price-table__feature-inner\">\n\t\t\t\t\t\t\t\t<i aria-hidden=\"true\" class=\"fas fa-car\"><\/i>\t\t\t\t\t\t\t\t\t\t\t\t\t\t\t\t\t<span >\n\t\t\t\t\t\t\t\t\t\tMatkakulut 25\u20ac\t\t\t\t\t\t\t\t\t<\/span>\n\t\t\t\t\t\t\t\t\t\t\t\t\t\t\t\t<\/div>\n\t\t\t\t\t\t<\/li>\n\t\t\t\t\t\t\t\t\t\t\t<li class=\"elementor-repeater-item-ff7cc96\">\n\t\t\t\t\t\t\t<div class=\"elementor-price-table__feature-inner\">\n\t\t\t\t\t\t\t\t<i aria-hidden=\"true\" class=\"fas fa-cog\"><\/i>\t\t\t\t\t\t\t\t\t\t\t\t\t\t\t\t\t<span >\n\t\t\t\t\t\t\t\t\t\tPesulaitteisto 150\u20ac\/vrk veloitetaan tuntihinnan lis\u00e4ksi\t\t\t\t\t\t\t\t\t<\/span>\n\t\t\t\t\t\t\t\t\t\t\t\t\t\t\t\t<\/div>\n\t\t\t\t\t\t<\/li>\n\t\t\t\t\t\t\t\t\t\t\t<li class=\"elementor-repeater-item-1bbb8fb\">\n\t\t\t\t\t\t\t<div class=\"elementor-price-table__feature-inner\">\n\t\t\t\t\t\t\t\t<i aria-hidden=\"true\" class=\"far fa-credit-card\"><\/i>\t\t\t\t\t\t\t\t\t\t\t\t\t\t\t\t\t<span >\n\t\t\t\t\t\t\t\t\t\tKorttimaksu - Maksu suoritetaan aina suoraan ty\u00f6ntekij\u00e4lle, yritysasiakkaille laskutus sopimuksen mukaan.\t\t\t\t\t\t\t\t\t<\/span>\n\t\t\t\t\t\t\t\t\t\t\t\t\t\t\t\t<\/div>\n\t\t\t\t\t\t<\/li>\n\t\t\t\t\t\t\t\t\t<\/ul>\n\t\t\t\n\t\t\t\t\t\t\t<div class=\"elementor-price-table__footer\">\n\t\t\t\t\t\t\t\t\t\t\t<a class=\"elementor-price-table__button elementor-button elementor-size-lg elementor-animation-pulse\" href=\"https:\/\/omakotitalkkari.fi\/wp\/tilaa-palvelu\/\">OTA YHTEYTT\u00c4 \/ TILAA<\/a>\n\t\t\t\t\t\n\t\t\t\t\t\t\t\t\t<\/div>\n\t\t\t\t\t<\/div>\n\n\t\t\t\t<\/div>\n\t\t\t\t<\/div>\n\t\t\t\t\t\t<\/div>\n\t\t\t\t\t<\/div>\n\t\t<\/div>\n\t\t\t\t\t\t\t\t<\/div>\n\t\t\t\t\t<\/div>\n\t\t<\/section>\n\t\t\t\t\t\t<\/div>\n\t\t\t\t\t\t<\/div>\n\t\t\t\t\t<\/div>\n\t\t\n","protected":false},"excerpt":{"rendered":"<p>TERASSIN HUOLTO Onko puinen kaunis terassisi vihre\u00e4n lev\u00e4n tms. peitossa? Siin\u00e4 tapauksessa on aika tilata huolto ja laittaa terassi kuntoon. Meill\u00e4 on ammattitaito ja kunnon v\u00e4lineet joilla puhdistamme terassisi ja saamme pihasi n\u00e4ytt\u00e4m\u00e4\u00e4n taas hyv\u00e4lt\u00e4. Terassin huolto aloitetaan aina perusteellisella pesulla. Me pesemme terassisi hell\u00e4varaisesti kuumavesipesurilla ja tasopesimell\u00e4. Mik\u00e4li terassi on ollut pitk\u00e4\u00e4n huoltamatta tai &#8230; <a title=\"Terassin pesu, hionta ja \u00f6ljy\u00e4minen\" class=\"read-more\" href=\"https:\/\/omakotitalkkari.fi\/wp\/terassin-pesu-hionta-ja-oljyaminen\/\" aria-label=\"More on Terassin pesu, hionta ja \u00f6ljy\u00e4minen\">Read more<\/a><\/p>\n","protected":false},"author":1,"featured_media":1259,"parent":0,"menu_order":0,"comment_status":"closed","ping_status":"closed","template":"","meta":{"footnotes":""},"tags":[],"class_list":["post-1254","page","type-page","status-publish","has-post-thumbnail"],"_links":{"self":[{"href":"https:\/\/omakotitalkkari.fi\/wp\/wp-json\/wp\/v2\/pages\/1254","targetHints":{"allow":["GET"]}}],"collection":[{"href":"https:\/\/omakotitalkkari.fi\/wp\/wp-json\/wp\/v2\/pages"}],"about":[{"href":"https:\/\/omakotitalkkari.fi\/wp\/wp-json\/wp\/v2\/types\/page"}],"author":[{"embeddable":true,"href":"https:\/\/omakotitalkkari.fi\/wp\/wp-json\/wp\/v2\/users\/1"}],"replies":[{"embeddable":true,"href":"https:\/\/omakotitalkkari.fi\/wp\/wp-json\/wp\/v2\/comments?post=1254"}],"version-history":[{"count":0,"href":"https:\/\/omakotitalkkari.fi\/wp\/wp-json\/wp\/v2\/pages\/1254\/revisions"}],"wp:featuredmedia":[{"embeddable":true,"href":"https:\/\/omakotitalkkari.fi\/wp\/wp-json\/wp\/v2\/media\/1259"}],"wp:attachment":[{"href":"https:\/\/omakotitalkkari.fi\/wp\/wp-json\/wp\/v2\/media?parent=1254"}],"wp:term":[{"taxonomy":"post_tag","embeddable":true,"href":"https:\/\/omakotitalkkari.fi\/wp\/wp-json\/wp\/v2\/tags?post=1254"}],"curies":[{"name":"wp","href":"https:\/\/api.w.org\/{rel}","templated":true}]}}