{"id":1748,"date":"2018-08-06T12:52:40","date_gmt":"2018-08-06T09:52:40","guid":{"rendered":"https:\/\/omakotitalkkari.fi\/wp\/?page_id=1748"},"modified":"2020-01-09T09:10:16","modified_gmt":"2020-01-09T06:10:16","slug":"taulu-tv-ja-videotykin-asennus","status":"publish","type":"page","link":"https:\/\/omakotitalkkari.fi\/wp\/taulu-tv-ja-videotykin-asennus\/","title":{"rendered":"Kotiteatteri, taulu-tv ja videotykin asennus"},"content":{"rendered":"\n<h2 class=\"has-text-align-center wp-block-heading\">Uusi televisio tai kotiteatteri mieless\u00e4, mutta mist\u00e4 asennus?<\/h2>\n\n\n\n<p><strong>Asennamme<\/strong> erilaiset <strong>kotiteatterit<\/strong>, <strong>taulu-tv:t<\/strong>, <strong>videotykit<\/strong>, <strong>valkokankaat<\/strong> ja <strong>soundbarit<\/strong> <strong>ammattitaidolla<\/strong> <strong>Turun<\/strong> <strong>seudulla<\/strong>. <strong>Meill\u00e4<\/strong> on tarvittava <strong>osaaminen<\/strong> ja <strong>v\u00e4lineet<\/strong> <strong>taulu-tv:n<\/strong> <strong>turvalliseen<\/strong> <strong>asennukseen<\/strong> niin kipsilevysein\u00e4\u00e4n kuin betonisein\u00e4\u00e4nkin. Saat meilt\u00e4 <strong>fyysisten<\/strong> <strong>asennusten<\/strong> lis\u00e4ksi <strong>kotiteatterilaitteiden<\/strong>, <strong>televisioiden<\/strong> ja <strong>videotykkien<\/strong> <strong>kytkenn\u00e4n<\/strong> sek\u00e4 <strong>k\u00e4ytt\u00f6\u00f6noton<\/strong> <strong>opastuksen<\/strong> <strong>kera<\/strong>.<\/p>\n\n\n\t\t<div data-elementor-type=\"page\" data-elementor-id=\"8675\" class=\"elementor elementor-8675\" data-elementor-settings=\"[]\">\n\t\t\t\t\t\t<div class=\"elementor-inner\">\n\t\t\t\t\t\t\t<div class=\"elementor-section-wrap\">\n\t\t\t\t\t\t\t<section class=\"elementor-section elementor-top-section elementor-element elementor-element-50672ee4 elementor-section-full_width elementor-section-height-default elementor-section-height-default\" data-id=\"50672ee4\" data-element_type=\"section\">\n\t\t\t\t\t\t<div class=\"elementor-container elementor-column-gap-default\">\n\t\t\t\t\t\t\t<div class=\"elementor-row\">\n\t\t\t\t\t<div class=\"elementor-column elementor-col-100 elementor-top-column elementor-element elementor-element-1f76f69f\" data-id=\"1f76f69f\" data-element_type=\"column\">\n\t\t\t<div class=\"elementor-column-wrap elementor-element-populated\">\n\t\t\t\t\t\t\t<div class=\"elementor-widget-wrap\">\n\t\t\t\t\t\t<div class=\"elementor-element elementor-element-651d46d2 elementor-widget-divider--view-line elementor-widget elementor-widget-divider\" data-id=\"651d46d2\" data-element_type=\"widget\" data-widget_type=\"divider.default\">\n\t\t\t\t<div class=\"elementor-widget-container\">\n\t\t\t\t\t<div class=\"elementor-divider\">\n\t\t\t<span class=\"elementor-divider-separator\">\n\t\t\t\t\t\t<\/span>\n\t\t<\/div>\n\t\t\t\t<\/div>\n\t\t\t\t<\/div>\n\t\t\t\t\t\t<\/div>\n\t\t\t\t\t<\/div>\n\t\t<\/div>\n\t\t\t\t\t\t\t\t<\/div>\n\t\t\t\t\t<\/div>\n\t\t<\/section>\n\t\t\t\t<section class=\"elementor-section elementor-top-section elementor-element elementor-element-cf4130d elementor-section-full_width animated-slow elementor-section-height-default elementor-section-height-default elementor-invisible\" data-id=\"cf4130d\" data-element_type=\"section\" data-settings=\"{&quot;animation&quot;:&quot;zoomIn&quot;}\">\n\t\t\t\t\t\t<div class=\"elementor-container elementor-column-gap-default\">\n\t\t\t\t\t\t\t<div class=\"elementor-row\">\n\t\t\t\t\t<div class=\" pafe-equal-height-desktop elementor-column elementor-col-100 elementor-top-column elementor-element elementor-element-f1d79b7\" data-pafe-equal-height=\"1\" data-pafe-equal-height-widget-container=\"\" data-id=\"f1d79b7\" data-element_type=\"column\">\n\t\t\t<div class=\"elementor-column-wrap elementor-element-populated\">\n\t\t\t\t\t\t\t<div class=\"elementor-widget-wrap\">\n\t\t\t\t\t\t<div class=\"elementor-element elementor-element-1c3d535e elementor-widget elementor-widget-heading\" data-id=\"1c3d535e\" data-element_type=\"widget\" data-widget_type=\"heading.default\">\n\t\t\t\t<div class=\"elementor-widget-container\">\n\t\t\t<h2 class=\"elementor-heading-title elementor-size-default\">Viihde-elektroniikka asennushinnasto<\/h2>\t\t<\/div>\n\t\t\t\t<\/div>\n\t\t\t\t<div class=\"elementor-element elementor-element-7c5076da elementor-widget elementor-widget-price-list\" data-id=\"7c5076da\" data-element_type=\"widget\" data-widget_type=\"price-list.default\">\n\t\t\t\t<div class=\"elementor-widget-container\">\n\t\t\t\n\t\t<ul class=\"elementor-price-list\">\n\n\t\t\t\t\t\t\t\t\t<li><a class=\"elementor-price-list-item\" href=\"#\">\t\t\t\t\n\t\t\t\t<div class=\"elementor-price-list-text\">\n\t\t\t\t\t\t\t\t\t<div class=\"elementor-price-list-header\">\n\t\t\t\t\t\t\t\t\t\t\t<span class=\"elementor-price-list-title\">Taulu-TV asennus tasolle, kanavahaku ja k\u00e4yt\u00f6nopastus max. 30min<\/span>\n\t\t\t\t\t\t\t\t\t\t\t\t\t\t\t\t\t\t<span class=\"elementor-price-list-separator\"><\/span>\n\t\t\t\t\t\t\t\t\t\t\t\t\t\t\t\t\t\t\t<span class=\"elementor-price-list-price\">99\u20ac<\/span>\n\t\t\t\t\t\t\t\t\t\t<\/div>\n\t\t\t\t\t\t\t\t\t\t\t\t\t\t\t<p class=\"elementor-price-list-description\">Hinta sis\u00e4lt\u00e4\u00e4 asennuksen, matkakulut ja arvonlis\u00e4veron 24%.<\/p>\n\t\t\t\t\t\t\t\t<\/div>\n\t\t\t\t<\/a><\/li>\t\t\t\t\t\t\t\t\t\t\t\t<li><a class=\"elementor-price-list-item\" href=\"#\">\t\t\t\t\n\t\t\t\t<div class=\"elementor-price-list-text\">\n\t\t\t\t\t\t\t\t\t<div class=\"elementor-price-list-header\">\n\t\t\t\t\t\t\t\t\t\t\t<span class=\"elementor-price-list-title\">Taulu-TV max 65\" asennus sein\u00e4\u00e4n, kanavahaku ja k\u00e4yt\u00f6nopastus max. 30min<\/span>\n\t\t\t\t\t\t\t\t\t\t\t\t\t\t\t\t\t\t<span class=\"elementor-price-list-separator\"><\/span>\n\t\t\t\t\t\t\t\t\t\t\t\t\t\t\t\t\t\t\t<span class=\"elementor-price-list-price\">149\u20ac<\/span>\n\t\t\t\t\t\t\t\t\t\t<\/div>\n\t\t\t\t\t\t\t\t\t\t\t\t\t\t\t<p class=\"elementor-price-list-description\">Hinta sis\u00e4lt\u00e4\u00e4 asennuksen, ns. normaalit kiinnitystarvikkeet, matkakulut ja arvonlis\u00e4veron 24%. Sein\u00e4asennusteline ei sis\u00e4lly hintaan.<\/p>\n\t\t\t\t\t\t\t\t<\/div>\n\t\t\t\t<\/a><\/li>\t\t\t\t\t\t\t\t\t\t\t\t<li><a class=\"elementor-price-list-item\" href=\"#\">\t\t\t\t\n\t\t\t\t<div class=\"elementor-price-list-text\">\n\t\t\t\t\t\t\t\t\t<div class=\"elementor-price-list-header\">\n\t\t\t\t\t\t\t\t\t\t\t<span class=\"elementor-price-list-title\">Taulu-TV max 85\" asennus sein\u00e4\u00e4n, kanavahaku ja k\u00e4yt\u00f6nopastus max. 30min<\/span>\n\t\t\t\t\t\t\t\t\t\t\t\t\t\t\t\t\t\t<span class=\"elementor-price-list-separator\"><\/span>\n\t\t\t\t\t\t\t\t\t\t\t\t\t\t\t\t\t\t\t<span class=\"elementor-price-list-price\">199\u20ac<\/span>\n\t\t\t\t\t\t\t\t\t\t<\/div>\n\t\t\t\t\t\t\t\t\t\t\t\t\t\t\t<p class=\"elementor-price-list-description\">Hinta sis\u00e4lt\u00e4\u00e4 asennuksen, ns. normaalit kiinnitystarvikkeet, matkakulut ja arvonlis\u00e4veron 24%. Sein\u00e4asennusteline ei sis\u00e4lly hintaan.<\/p>\n\t\t\t\t\t\t\t\t<\/div>\n\t\t\t\t<\/a><\/li>\t\t\t\t\t\t\t\t\t\t\t\t<li><a class=\"elementor-price-list-item\" href=\"#\">\t\t\t\t\n\t\t\t\t<div class=\"elementor-price-list-text\">\n\t\t\t\t\t\t\t\t\t<div class=\"elementor-price-list-header\">\n\t\t\t\t\t\t\t\t\t\t\t<span class=\"elementor-price-list-title\">Videotykin asennus kattoon max. 3.5m, perusasetuksien teko ja k\u00e4yt\u00f6nopastus max. 30min<\/span>\n\t\t\t\t\t\t\t\t\t\t\t\t\t\t\t\t\t\t<span class=\"elementor-price-list-separator\"><\/span>\n\t\t\t\t\t\t\t\t\t\t\t\t\t\t\t\t\t\t\t<span class=\"elementor-price-list-price\">149\u20ac<\/span>\n\t\t\t\t\t\t\t\t\t\t<\/div>\n\t\t\t\t\t\t\t\t\t\t\t\t\t\t\t<p class=\"elementor-price-list-description\">Hinta sis\u00e4lt\u00e4\u00e4 asennuksen, ns. normaalit kiinnitystarvikkeet, matkakulut ja arvonlis\u00e4veron 24%. Kattoasennusteline ei sis\u00e4lly hintaan.<\/p>\n\t\t\t\t\t\t\t\t<\/div>\n\t\t\t\t<\/a><\/li>\t\t\t\t\t\t\t\t\t\t\t\t<li><a class=\"elementor-price-list-item\" href=\"#\">\t\t\t\t\n\t\t\t\t<div class=\"elementor-price-list-text\">\n\t\t\t\t\t\t\t\t\t<div class=\"elementor-price-list-header\">\n\t\t\t\t\t\t\t\t\t\t\t<span class=\"elementor-price-list-title\">Kotiteatteriasennukset<\/span>\n\t\t\t\t\t\t\t\t\t\t\t\t\t\t\t\t\t\t<span class=\"elementor-price-list-separator\"><\/span>\n\t\t\t\t\t\t\t\t\t\t\t\t\t\t\t\t\t\t\t<span class=\"elementor-price-list-price\">Alk. 55,80\u20ac\/h<\/span>\n\t\t\t\t\t\t\t\t\t\t<\/div>\n\t\t\t\t\t\t\t\t\t\t\t\t\t\t\t<p class=\"elementor-price-list-description\">Kysy tarjous kotiteatteriasennuksesta.<\/p>\n\t\t\t\t\t\t\t\t<\/div>\n\t\t\t\t<\/a><\/li>\t\t\t\t\t\n\t\t<\/ul>\n\n\t\t\t\t<\/div>\n\t\t\t\t<\/div>\n\t\t\t\t<div class=\"elementor-element elementor-element-322fa6e7 elementor-widget elementor-widget-heading\" data-id=\"322fa6e7\" data-element_type=\"widget\" data-widget_type=\"heading.default\">\n\t\t\t\t<div class=\"elementor-widget-container\">\n\t\t\t<h4 class=\"elementor-heading-title elementor-size-default\">Mik\u00e4li asennus vaatii esim. sein\u00e4rakenteen tai kiinnitystelineen vuoksi normaalisti poikkeavia lis\u00e4vahvistuksia, pid\u00e4t\u00e4mme oikeuden hinnan muutoksiin.<\/h4>\t\t<\/div>\n\t\t\t\t<\/div>\n\t\t\t\t<div class=\"elementor-element elementor-element-349362c1 elementor-widget elementor-widget-heading\" data-id=\"349362c1\" data-element_type=\"widget\" data-widget_type=\"heading.default\">\n\t\t\t\t<div class=\"elementor-widget-container\">\n\t\t\t<h4 class=\"elementor-heading-title elementor-size-default\">Korttimaksu - Maksu suoritetaan aina suoraan ty\u00f6ntekij\u00e4lle, taloyhti\u00f6ille ja yritysasiakkaille laskutus sopimuksen mukaan.<\/h4>\t\t<\/div>\n\t\t\t\t<\/div>\n\t\t\t\t<div class=\"elementor-element elementor-element-24e83782 elementor-widget elementor-widget-heading\" data-id=\"24e83782\" data-element_type=\"widget\" data-widget_type=\"heading.default\">\n\t\t\t\t<div class=\"elementor-widget-container\">\n\t\t\t<h4 class=\"elementor-heading-title elementor-size-default\"><a href=\"https:\/\/omakotitalkkari.fi\/wp\/kotitalousvahennys\/\">Muista kotitalousv\u00e4hennys -40% ty\u00f6n osuudesta!<\/a><\/h4>\t\t<\/div>\n\t\t\t\t<\/div>\n\t\t\t\t\t\t<\/div>\n\t\t\t\t\t<\/div>\n\t\t<\/div>\n\t\t\t\t\t\t\t\t<\/div>\n\t\t\t\t\t<\/div>\n\t\t<\/section>\n\t\t\t\t\t\t<\/div>\n\t\t\t\t\t\t<\/div>\n\t\t\t\t\t<\/div>\n\t\t\n","protected":false},"excerpt":{"rendered":"<p>Uusi televisio tai kotiteatteri mieless\u00e4, mutta mist\u00e4 asennus? Asennamme erilaiset kotiteatterit, taulu-tv:t, videotykit, valkokankaat ja soundbarit ammattitaidolla Turun seudulla. Meill\u00e4 on tarvittava osaaminen ja v\u00e4lineet taulu-tv:n turvalliseen asennukseen niin kipsilevysein\u00e4\u00e4n kuin betonisein\u00e4\u00e4nkin. Saat meilt\u00e4 fyysisten asennusten lis\u00e4ksi kotiteatterilaitteiden, televisioiden ja videotykkien kytkenn\u00e4n sek\u00e4 k\u00e4ytt\u00f6\u00f6noton opastuksen kera.<\/p>\n","protected":false},"author":1,"featured_media":3587,"parent":0,"menu_order":0,"comment_status":"closed","ping_status":"closed","template":"","meta":{"footnotes":""},"tags":[],"class_list":["post-1748","page","type-page","status-publish","has-post-thumbnail"],"_links":{"self":[{"href":"https:\/\/omakotitalkkari.fi\/wp\/wp-json\/wp\/v2\/pages\/1748","targetHints":{"allow":["GET"]}}],"collection":[{"href":"https:\/\/omakotitalkkari.fi\/wp\/wp-json\/wp\/v2\/pages"}],"about":[{"href":"https:\/\/omakotitalkkari.fi\/wp\/wp-json\/wp\/v2\/types\/page"}],"author":[{"embeddable":true,"href":"https:\/\/omakotitalkkari.fi\/wp\/wp-json\/wp\/v2\/users\/1"}],"replies":[{"embeddable":true,"href":"https:\/\/omakotitalkkari.fi\/wp\/wp-json\/wp\/v2\/comments?post=1748"}],"version-history":[{"count":0,"href":"https:\/\/omakotitalkkari.fi\/wp\/wp-json\/wp\/v2\/pages\/1748\/revisions"}],"wp:featuredmedia":[{"embeddable":true,"href":"https:\/\/omakotitalkkari.fi\/wp\/wp-json\/wp\/v2\/media\/3587"}],"wp:attachment":[{"href":"https:\/\/omakotitalkkari.fi\/wp\/wp-json\/wp\/v2\/media?parent=1748"}],"wp:term":[{"taxonomy":"post_tag","embeddable":true,"href":"https:\/\/omakotitalkkari.fi\/wp\/wp-json\/wp\/v2\/tags?post=1748"}],"curies":[{"name":"wp","href":"https:\/\/api.w.org\/{rel}","templated":true}]}}